{"id":2956,"date":"2020-04-16T13:05:54","date_gmt":"2020-04-16T16:05:54","guid":{"rendered":"http:\/\/franquiahightorque.com.br?page_id=2956"},"modified":"2020-06-30T23:19:10","modified_gmt":"2020-07-01T02:19:10","slug":"a-franquia","status":"publish","type":"page","link":"http:\/\/franquiahightorque.com.br\/index.php\/a-franquia\/","title":{"rendered":"A Franquia"},"content":{"rendered":"<p>[vc_row row_content_width=&#8221;grid&#8221; disable_background_image=&#8221;&#8221; css=&#8221;.vc_custom_1589851910512{padding-top: 50px !important;padding-bottom: 90px !important;background-position: center !important;background-repeat: no-repeat !important;background-size: cover !important;}&#8221;][vc_column][vc_column_text]<strong><span style=\"color: #ed1d24; font-size: 24px;\">Se voc\u00ea \u00e9 apaixonado por carro, gosta de estar por dentro das novidades do mundo automobil\u00edstico e tem afinidade com o mundo dos neg\u00f3cios, a franquia High Torque \u00e9 para voc\u00ea!<\/span><\/strong>[\/vc_column_text][vc_empty_space height=&#8221;20px&#8221;][vc_column_text]<span style=\"color: #1a1a1a;\">A High Torque \u00e9 uma empresa que nasceu da paix\u00e3o pelo conhecimento automobil\u00edstico e, principalmente, pelo desejo de oferecer servi\u00e7os de qualidade para quem tamb\u00e9m \u00e9 louco por carros. Nossa marca se pauta na rela\u00e7\u00e3o de confian\u00e7a estabelecida com o cliente, que traz seu ve\u00edculo at\u00e9 nossas oficinas e tem a certeza que ele estar\u00e1 em boas m\u00e3os, n\u00e3o apenas pelo alto grau de conhecimento t\u00e9cnico dos nossos profissionais, mas tamb\u00e9m, porque sabe que n\u00e3o faremos trocas desnecess\u00e1rias (e n\u00e3o autorizadas) e que vamos cuidar com o carinho que ter\u00edamos como se fosse o nosso.<\/span><\/p>\n<p><span style=\"color: #1a1a1a;\">Esse \u00e9 um dos princ\u00edpios da High Torque, consertar o que precisa ser consertado e garantir que o servi\u00e7o realizado foi o mais adequado e &#8211; de fato- solucionou o problema do cliente.<\/span>[\/vc_column_text][\/vc_column][\/vc_row][vc_row disable_background_image=&#8221;&#8221; simple_background_color=&#8221;#000000&#8243;][vc_column]<div class=\"mkdf-elements-holder   mkdf-one-column  mkdf-responsive-mode-768 mkdf-one-column-alignment-center\" style=\"background-color: #000000\"><div class=\"mkdf-eh-item   mkdf-horizontal-alignment-center \" style=\"background-color: #000000\" data-item-class=\"mkdf-eh-custom-1252\">\n\t<div class=\"mkdf-eh-item-inner\">\n\t\t<div class=\"mkdf-eh-item-content mkdf-eh-custom-1252\" >\n\t\t\t<a itemprop=\"url\" href=\"http:\/\/franquiahightorque.com.br\/index.php\/seja-um-franqueado-high-torque\/\" target=\"_self\"  class=\"mkdf-btn mkdf-btn-medium mkdf-btn-predefined\"  >\n            <span class=\"mkdf-btn-predefined-line-holder\">\n            <span class=\"mkdf-btn-line-hidden\"><\/span>\n            <span class=\"mkdf-btn-text\">Quero ser um franqueado<\/span>\n\t        <span class=\"mkdf-btn-line\"><\/span>\n            <i class=\"mkdf-btn-predefined-icon mkdf-icon-ion-icon ion-ios-play \"><\/i>\n        <\/span>\n    <\/a>\t\t<\/div>\n\t<\/div>\n<\/div><\/div>[vc_empty_space height=&#8221;40px&#8221;][\/vc_column][\/vc_row][vc_row row_content_width=&#8221;grid&#8221; disable_background_image=&#8221;&#8221; simple_background_color=&#8221;#000000&#8243; css=&#8221;.vc_custom_1589851295234{padding-top: 70px !important;}&#8221;][vc_column]<div class=\"mkdf-section-title-holder  mkdf-st-split  mkdf-has-appear-animation\" style=\"padding: 0 10%\">\n\t<div class=\"mkdf-st-inner\">\n\t\t\t<span class=\"mkdf-st-tagline\" >\n\t\t\tComprometimento\t\t<\/span>\n\t\t\t\t\t\t<h2 class=\"mkdf-st-title\" style=\"color: #ffffff\">\n\t\t\t\t\t\t\t\t\t<span class=\"mkdf-sts-title-text\">Perfil do Franqueado<\/span>\n\t\t\t\t\t<span class=\"mkdf-sts-separator\" style=\"background-color: #333333\"><\/span>\n\t\t\t\t\t\t\t<\/h2>\n\t\t\t\t\t\t\t<\/div>\n<\/div>[\/vc_column][\/vc_row][vc_row row_content_width=&#8221;grid&#8221; disable_background_image=&#8221;&#8221; simple_background_color=&#8221;#000000&#8243; css=&#8221;.vc_custom_1589840913464{padding-top: 75px !important;}&#8221;][vc_column width=&#8221;1\/3&#8243;][vc_single_image image=&#8221;3004&#8243; img_size=&#8221;380&#215;366&#8243;][\/vc_column][vc_column width=&#8221;2\/3&#8243;][vc_column_text]<span style=\"color: #cccccc;\">Se voc\u00ea deseja se tornar um franqueado, mais do que capital de investimento e conhecimento de gest\u00e3o, voc\u00ea precisa estar alinhado com o nosso prop\u00f3sito. N\u00e3o somos apenas \u201cmais uma franquia\u201d, queremos oferecer servi\u00e7os de qualidade e garantir a satisfa\u00e7\u00e3o dos nossos clientes, se voc\u00ea busca apenas mais um investimento, desculpe, isso n\u00e3o \u00e9 para voc\u00ea.<\/span><\/p>\n<p><span style=\"color: #cccccc;\">Estamos interessados em pessoas comprometidas com o ideal de nossa marca e que desejem mudar o conceito de que oficina \u00e9 suja, desorganizada ou desonesta. Por isso, nosso processo de sele\u00e7\u00e3o para novos franqueados \u00e9 elaborado em etapas e bastante rigoroso em rela\u00e7\u00e3o a outras franquias que existem por a\u00ed&#8230;<\/span><\/p>\n<p><span style=\"color: #cccccc;\"><strong>Se voc\u00ea acredita que se encaixa em nosso perfil, est\u00e1 em sintonia com nossos ideais e deseja se tornar um empreendedor de sucesso nos padr\u00f5es High Torque, entre em contato para saber como se tornar um dos nossos franqueados.<\/strong><\/span>[\/vc_column_text][vc_empty_space height=&#8221;110px&#8221;][\/vc_column][\/vc_row][vc_row disable_background_image=&#8221;&#8221; simple_background_color=&#8221;#000000&#8243;][vc_column][vc_empty_space height=&#8221;50px&#8221;]<div class=\"mkdf-image-gallery mkdf-grid-list mkdf-disable-bottom-space  mkdf-ig-grid-type mkdf-four-columns mkdf-no-space  mkdf-image-behavior-lightbox \">\n\t<div class=\"mkdf-ig-inner mkdf-outer-space\">\n\t\t\t\t\t<div class=\"mkdf-ig-image mkdf-item-space\">\n\t\t\t\t<div class=\"mkdf-ig-image-inner\">\n\t\t\t\t\t\t\t\t\t\t\t<a itemprop=\"image\" class=\"mkdf-ig-lightbox\" href=\"http:\/\/franquiahightorque.com.br\/wp-content\/uploads\/2020\/05\/1.jpg\" data-rel=\"prettyPhoto[image_gallery_pretty_photo-987]\" title=\"1\">\n\t\t\t\t\t\t\t\t\t\t\t<img width=\"1200\" height=\"800\" src=\"http:\/\/franquiahightorque.com.br\/wp-content\/uploads\/2020\/05\/1.jpg\" class=\"attachment-full size-full\" alt=\"\" decoding=\"async\" loading=\"lazy\" srcset=\"http:\/\/franquiahightorque.com.br\/wp-content\/uploads\/2020\/05\/1.jpg 1200w, http:\/\/franquiahightorque.com.br\/wp-content\/uploads\/2020\/05\/1-300x200.jpg 300w, http:\/\/franquiahightorque.com.br\/wp-content\/uploads\/2020\/05\/1-1024x683.jpg 1024w, http:\/\/franquiahightorque.com.br\/wp-content\/uploads\/2020\/05\/1-768x512.jpg 768w\" sizes=\"(max-width: 1200px) 100vw, 1200px\" \/>\t\t\t\t\t\t\t\t\t\t\t<\/a>\n\t\t\t\t\t\t\t\t\t<\/div>\n\t\t\t<\/div>\n\t\t\t\t\t<div class=\"mkdf-ig-image mkdf-item-space\">\n\t\t\t\t<div class=\"mkdf-ig-image-inner\">\n\t\t\t\t\t\t\t\t\t\t\t<a itemprop=\"image\" class=\"mkdf-ig-lightbox\" href=\"http:\/\/franquiahightorque.com.br\/wp-content\/uploads\/2020\/05\/2.jpg\" data-rel=\"prettyPhoto[image_gallery_pretty_photo-987]\" title=\"2\">\n\t\t\t\t\t\t\t\t\t\t\t<img width=\"1200\" height=\"800\" src=\"http:\/\/franquiahightorque.com.br\/wp-content\/uploads\/2020\/05\/2.jpg\" class=\"attachment-full size-full\" alt=\"\" decoding=\"async\" loading=\"lazy\" srcset=\"http:\/\/franquiahightorque.com.br\/wp-content\/uploads\/2020\/05\/2.jpg 1200w, http:\/\/franquiahightorque.com.br\/wp-content\/uploads\/2020\/05\/2-300x200.jpg 300w, http:\/\/franquiahightorque.com.br\/wp-content\/uploads\/2020\/05\/2-1024x683.jpg 1024w, http:\/\/franquiahightorque.com.br\/wp-content\/uploads\/2020\/05\/2-768x512.jpg 768w\" sizes=\"(max-width: 1200px) 100vw, 1200px\" \/>\t\t\t\t\t\t\t\t\t\t\t<\/a>\n\t\t\t\t\t\t\t\t\t<\/div>\n\t\t\t<\/div>\n\t\t\t\t\t<div class=\"mkdf-ig-image mkdf-item-space\">\n\t\t\t\t<div class=\"mkdf-ig-image-inner\">\n\t\t\t\t\t\t\t\t\t\t\t<a itemprop=\"image\" class=\"mkdf-ig-lightbox\" href=\"http:\/\/franquiahightorque.com.br\/wp-content\/uploads\/2020\/05\/3.jpg\" data-rel=\"prettyPhoto[image_gallery_pretty_photo-987]\" title=\"3\">\n\t\t\t\t\t\t\t\t\t\t\t<img width=\"1200\" height=\"800\" src=\"http:\/\/franquiahightorque.com.br\/wp-content\/uploads\/2020\/05\/3.jpg\" class=\"attachment-full size-full\" alt=\"\" decoding=\"async\" loading=\"lazy\" srcset=\"http:\/\/franquiahightorque.com.br\/wp-content\/uploads\/2020\/05\/3.jpg 1200w, http:\/\/franquiahightorque.com.br\/wp-content\/uploads\/2020\/05\/3-300x200.jpg 300w, http:\/\/franquiahightorque.com.br\/wp-content\/uploads\/2020\/05\/3-1024x683.jpg 1024w, http:\/\/franquiahightorque.com.br\/wp-content\/uploads\/2020\/05\/3-768x512.jpg 768w\" sizes=\"(max-width: 1200px) 100vw, 1200px\" \/>\t\t\t\t\t\t\t\t\t\t\t<\/a>\n\t\t\t\t\t\t\t\t\t<\/div>\n\t\t\t<\/div>\n\t\t\t\t\t<div class=\"mkdf-ig-image mkdf-item-space\">\n\t\t\t\t<div class=\"mkdf-ig-image-inner\">\n\t\t\t\t\t\t\t\t\t\t\t<a itemprop=\"image\" class=\"mkdf-ig-lightbox\" href=\"http:\/\/franquiahightorque.com.br\/wp-content\/uploads\/2020\/05\/4.jpg\" data-rel=\"prettyPhoto[image_gallery_pretty_photo-987]\" title=\"4\">\n\t\t\t\t\t\t\t\t\t\t\t<img width=\"1200\" height=\"800\" src=\"http:\/\/franquiahightorque.com.br\/wp-content\/uploads\/2020\/05\/4.jpg\" class=\"attachment-full size-full\" alt=\"\" decoding=\"async\" loading=\"lazy\" srcset=\"http:\/\/franquiahightorque.com.br\/wp-content\/uploads\/2020\/05\/4.jpg 1200w, http:\/\/franquiahightorque.com.br\/wp-content\/uploads\/2020\/05\/4-300x200.jpg 300w, http:\/\/franquiahightorque.com.br\/wp-content\/uploads\/2020\/05\/4-1024x683.jpg 1024w, http:\/\/franquiahightorque.com.br\/wp-content\/uploads\/2020\/05\/4-768x512.jpg 768w\" sizes=\"(max-width: 1200px) 100vw, 1200px\" \/>\t\t\t\t\t\t\t\t\t\t\t<\/a>\n\t\t\t\t\t\t\t\t\t<\/div>\n\t\t\t<\/div>\n\t\t\t\t\t<div class=\"mkdf-ig-image mkdf-item-space\">\n\t\t\t\t<div class=\"mkdf-ig-image-inner\">\n\t\t\t\t\t\t\t\t\t\t\t<a itemprop=\"image\" class=\"mkdf-ig-lightbox\" href=\"http:\/\/franquiahightorque.com.br\/wp-content\/uploads\/2020\/05\/5.jpg\" data-rel=\"prettyPhoto[image_gallery_pretty_photo-987]\" title=\"5\">\n\t\t\t\t\t\t\t\t\t\t\t<img width=\"1200\" height=\"800\" src=\"http:\/\/franquiahightorque.com.br\/wp-content\/uploads\/2020\/05\/5.jpg\" class=\"attachment-full size-full\" alt=\"\" decoding=\"async\" loading=\"lazy\" srcset=\"http:\/\/franquiahightorque.com.br\/wp-content\/uploads\/2020\/05\/5.jpg 1200w, http:\/\/franquiahightorque.com.br\/wp-content\/uploads\/2020\/05\/5-300x200.jpg 300w, http:\/\/franquiahightorque.com.br\/wp-content\/uploads\/2020\/05\/5-1024x683.jpg 1024w, http:\/\/franquiahightorque.com.br\/wp-content\/uploads\/2020\/05\/5-768x512.jpg 768w\" sizes=\"(max-width: 1200px) 100vw, 1200px\" \/>\t\t\t\t\t\t\t\t\t\t\t<\/a>\n\t\t\t\t\t\t\t\t\t<\/div>\n\t\t\t<\/div>\n\t\t\t\t\t<div class=\"mkdf-ig-image mkdf-item-space\">\n\t\t\t\t<div class=\"mkdf-ig-image-inner\">\n\t\t\t\t\t\t\t\t\t\t\t<a itemprop=\"image\" class=\"mkdf-ig-lightbox\" href=\"http:\/\/franquiahightorque.com.br\/wp-content\/uploads\/2020\/05\/6.jpg\" data-rel=\"prettyPhoto[image_gallery_pretty_photo-987]\" title=\"6\">\n\t\t\t\t\t\t\t\t\t\t\t<img width=\"1200\" height=\"800\" src=\"http:\/\/franquiahightorque.com.br\/wp-content\/uploads\/2020\/05\/6.jpg\" class=\"attachment-full size-full\" alt=\"\" decoding=\"async\" loading=\"lazy\" srcset=\"http:\/\/franquiahightorque.com.br\/wp-content\/uploads\/2020\/05\/6.jpg 1200w, http:\/\/franquiahightorque.com.br\/wp-content\/uploads\/2020\/05\/6-300x200.jpg 300w, http:\/\/franquiahightorque.com.br\/wp-content\/uploads\/2020\/05\/6-1024x683.jpg 1024w, http:\/\/franquiahightorque.com.br\/wp-content\/uploads\/2020\/05\/6-768x512.jpg 768w\" sizes=\"(max-width: 1200px) 100vw, 1200px\" \/>\t\t\t\t\t\t\t\t\t\t\t<\/a>\n\t\t\t\t\t\t\t\t\t<\/div>\n\t\t\t<\/div>\n\t\t\t\t\t<div class=\"mkdf-ig-image mkdf-item-space\">\n\t\t\t\t<div class=\"mkdf-ig-image-inner\">\n\t\t\t\t\t\t\t\t\t\t\t<a itemprop=\"image\" class=\"mkdf-ig-lightbox\" href=\"http:\/\/franquiahightorque.com.br\/wp-content\/uploads\/2020\/05\/7.jpg\" data-rel=\"prettyPhoto[image_gallery_pretty_photo-987]\" title=\"7\">\n\t\t\t\t\t\t\t\t\t\t\t<img width=\"1200\" height=\"800\" src=\"http:\/\/franquiahightorque.com.br\/wp-content\/uploads\/2020\/05\/7.jpg\" class=\"attachment-full size-full\" alt=\"\" decoding=\"async\" loading=\"lazy\" srcset=\"http:\/\/franquiahightorque.com.br\/wp-content\/uploads\/2020\/05\/7.jpg 1200w, http:\/\/franquiahightorque.com.br\/wp-content\/uploads\/2020\/05\/7-300x200.jpg 300w, http:\/\/franquiahightorque.com.br\/wp-content\/uploads\/2020\/05\/7-1024x683.jpg 1024w, http:\/\/franquiahightorque.com.br\/wp-content\/uploads\/2020\/05\/7-768x512.jpg 768w\" sizes=\"(max-width: 1200px) 100vw, 1200px\" \/>\t\t\t\t\t\t\t\t\t\t\t<\/a>\n\t\t\t\t\t\t\t\t\t<\/div>\n\t\t\t<\/div>\n\t\t\t\t\t<div class=\"mkdf-ig-image mkdf-item-space\">\n\t\t\t\t<div class=\"mkdf-ig-image-inner\">\n\t\t\t\t\t\t\t\t\t\t\t<a itemprop=\"image\" class=\"mkdf-ig-lightbox\" href=\"http:\/\/franquiahightorque.com.br\/wp-content\/uploads\/2020\/05\/8.jpg\" data-rel=\"prettyPhoto[image_gallery_pretty_photo-987]\" title=\"8\">\n\t\t\t\t\t\t\t\t\t\t\t<img width=\"1200\" height=\"800\" src=\"http:\/\/franquiahightorque.com.br\/wp-content\/uploads\/2020\/05\/8.jpg\" class=\"attachment-full size-full\" alt=\"\" decoding=\"async\" loading=\"lazy\" srcset=\"http:\/\/franquiahightorque.com.br\/wp-content\/uploads\/2020\/05\/8.jpg 1200w, http:\/\/franquiahightorque.com.br\/wp-content\/uploads\/2020\/05\/8-300x200.jpg 300w, http:\/\/franquiahightorque.com.br\/wp-content\/uploads\/2020\/05\/8-1024x683.jpg 1024w, http:\/\/franquiahightorque.com.br\/wp-content\/uploads\/2020\/05\/8-768x512.jpg 768w\" sizes=\"(max-width: 1200px) 100vw, 1200px\" \/>\t\t\t\t\t\t\t\t\t\t\t<\/a>\n\t\t\t\t\t\t\t\t\t<\/div>\n\t\t\t<\/div>\n\t\t\t<\/div>\n<\/div>[\/vc_column][\/vc_row][vc_row disable_background_image=&#8221;&#8221; simple_background_color=&#8221;#000000&#8243;][vc_column][vc_row_inner row_content_width=&#8221;grid&#8221; css=&#8221;.vc_custom_1586224452614{margin-top: -40px !important;}&#8221;][vc_column_inner]<div class=\"mkdf-elements-holder   mkdf-three-columns  mkdf-responsive-mode-1024 \" ><div class=\"mkdf-eh-item    \"  data-item-class=\"mkdf-eh-custom-7730\" data-1025-1399=\"154px 15px 6px 0px\" data-769-1024=\"154px 0px 0px 8px\" data-681-768=\"154px 0px 0px 8px\" data-680=\"154px 0px 0px 8px\">\n\t<div class=\"mkdf-eh-item-inner\">\n\t\t<div class=\"mkdf-eh-item-content mkdf-eh-custom-7730\" style=\"padding: 154px 15px 6px 0px\">\n\t\t\t<div class=\"mkdf-iwt clearfix  mkdf-iwt-icon-left mkdf-iwt-icon-medium mkdf-has-appear-animation\">\n\t\t\t<a itemprop=\"url\" href=\"#\" target=\"_self\" style=\"color: #ffffff\">\n\t\t\t\t\t\t<div class=\"mkdf-iwt-icon\">\n\t\t\t\t\t\t\t\t\t\t\t\t\t\t\t<img width=\"37\" height=\"34\" src=\"http:\/\/franquiahightorque.com.br\/wp-content\/uploads\/2019\/09\/h3-iwt-img-1.png\" class=\"attachment-full size-full\" alt=\"h\" decoding=\"async\" loading=\"lazy\" \/>\t\t\t\t\t\n\t\t\t\t\t\t\t\t<\/div>\n\t\t\t<div class=\"mkdf-iwt-content\" style=\"padding-left: 25px\">\n\t\t\t\t\t\t\t\t<h4 class=\"mkdf-iwt-title\" style=\"color: #ffffff\">\n\t\t\t\t\t<span class=\"mkdf-iwt-title-text\">Oficina reconhecida nacionalmente<\/span>\n\t\t\t<\/h4>\n\t\t\t\t\t\t\t\t\t<p class=\"mkdf-iwt-text\" style=\"color: #ffffff;margin-top: 12px\">Com mais de 14 anos de mercado e com o Canal no Youtube com 900 mil inscritos a High Torque se destacou disseminando a manuten\u00e7\u00e3o automotiva.<\/p>\n\t\t\t\t\t<\/div>\n\t\t\t\t\t<\/a>\n<\/div>\n[vc_empty_space height=&#8221;60px&#8221;]\t\t<\/div>\n\t<\/div>\n<\/div><div class=\"mkdf-eh-item    \"  data-item-class=\"mkdf-eh-custom-2662\" data-1400-1600=\"154px 15px 6px 5px\" data-1025-1399=\"154px15px 6px 5px\" data-769-1024=\"0px\" data-681-768=\"0px\" data-680=\"0px\">\n\t<div class=\"mkdf-eh-item-inner\">\n\t\t<div class=\"mkdf-eh-item-content mkdf-eh-custom-2662\" style=\"padding: 154px 15px 6px 6px\">\n\t\t\t<div class=\"mkdf-iwt clearfix  mkdf-iwt-icon-left mkdf-iwt-icon-medium mkdf-has-appear-animation\">\n\t\t\t<a itemprop=\"url\" href=\"#\" target=\"_self\" >\n\t\t\t\t\t\t<div class=\"mkdf-iwt-icon\">\n\t\t\t\t\t\t\t\t\t\t\t\t\t\t\t<img width=\"37\" height=\"27\" src=\"http:\/\/franquiahightorque.com.br\/wp-content\/uploads\/2019\/09\/h3-iwt-img-2.png\" class=\"attachment-full size-full\" alt=\"g\" decoding=\"async\" loading=\"lazy\" \/>\t\t\t\t\t\n\t\t\t\t\t\t\t\t<\/div>\n\t\t\t<div class=\"mkdf-iwt-content\" >\n\t\t\t\t\t\t\t\t<h4 class=\"mkdf-iwt-title\" style=\"color: #ffffff\">\n\t\t\t\t\t<span class=\"mkdf-iwt-title-text\">Diferencial mercadol\u00f3gico<\/span>\n\t\t\t<\/h4>\n\t\t\t\t\t\t\t\t\t<p class=\"mkdf-iwt-text\" style=\"color: #ffffff;margin-top: 12px\">Estabilidade no neg\u00f3cio, know-how estruturado, instrumentos de controle, processos de opera\u00e7\u00f5es, posicionamento da marca e estrutura interna.<\/p>\n\t\t\t\t\t<\/div>\n\t\t\t\t\t<\/a>\n<\/div>\n[vc_empty_space height=&#8221;60px&#8221;]\t\t<\/div>\n\t<\/div>\n<\/div><div class=\"mkdf-eh-item    \"  data-item-class=\"mkdf-eh-custom-8281\" data-1400-1600=\"154px 0px 6px 18px\" data-1025-1399=\"154px 0px 6px 18px\" data-769-1024=\"0px\" data-681-768=\"0px\" data-680=\"0px\">\n\t<div class=\"mkdf-eh-item-inner\">\n\t\t<div class=\"mkdf-eh-item-content mkdf-eh-custom-8281\" style=\"padding: 154px 0px 6px 19px\">\n\t\t\t<div class=\"mkdf-iwt clearfix  mkdf-iwt-icon-left mkdf-iwt-icon-medium mkdf-has-appear-animation\">\n\t\t\t<a itemprop=\"url\" href=\"#\" target=\"_self\" >\n\t\t\t\t\t\t<div class=\"mkdf-iwt-icon\">\n\t\t\t\t\t\t\t\t\t\t\t\t\t\t\t<img width=\"37\" height=\"36\" src=\"http:\/\/franquiahightorque.com.br\/wp-content\/uploads\/2019\/09\/h3-iwt-img-3.png\" class=\"attachment-full size-full\" alt=\"d\" decoding=\"async\" loading=\"lazy\" \/>\t\t\t\t\t\n\t\t\t\t\t\t\t\t<\/div>\n\t\t\t<div class=\"mkdf-iwt-content\" >\n\t\t\t\t\t\t\t\t<h4 class=\"mkdf-iwt-title\" style=\"color: #ffffff\">\n\t\t\t\t\t<span class=\"mkdf-iwt-title-text\">Suporte completo e personalizado<\/span>\n\t\t\t<\/h4>\n\t\t\t\t\t\t\t\t\t<p class=\"mkdf-iwt-text\" style=\"color: #ffffff;margin-top: 12px\">Suporte r\u00e1pido para recrutamento, treinamento, administrativo, mercadol\u00f3gica e marketing. Al\u00e9m de manuais com o passo a passo.<\/p>\n\t\t\t\t\t<\/div>\n\t\t\t\t\t<\/a>\n<\/div>\n[vc_empty_space height=&#8221;60px&#8221;]\t\t<\/div>\n\t<\/div>\n<\/div><\/div>[vc_empty_space height=&#8221;20px&#8221;][\/vc_column_inner][\/vc_row_inner][\/vc_column][\/vc_row][vc_row disable_background_image=&#8221;&#8221; simple_background_color=&#8221;#000000&#8243;][vc_column]<div class=\"mkdf-elements-holder   mkdf-one-column  mkdf-responsive-mode-768 mkdf-one-column-alignment-center\" style=\"background-color: #000000\"><div class=\"mkdf-eh-item   mkdf-horizontal-alignment-center \" style=\"background-color: #000000\" data-item-class=\"mkdf-eh-custom-3789\">\n\t<div class=\"mkdf-eh-item-inner\">\n\t\t<div class=\"mkdf-eh-item-content mkdf-eh-custom-3789\" >\n\t\t\t<a itemprop=\"url\" href=\"http:\/\/franquiahightorque.com.br\/index.php\/seja-um-franqueado-high-torque\/\" target=\"_self\"  class=\"mkdf-btn mkdf-btn-medium mkdf-btn-predefined\"  >\n            <span class=\"mkdf-btn-predefined-line-holder\">\n            <span class=\"mkdf-btn-line-hidden\"><\/span>\n            <span class=\"mkdf-btn-text\">Quero ser um franqueado<\/span>\n\t        <span class=\"mkdf-btn-line\"><\/span>\n            <i class=\"mkdf-btn-predefined-icon mkdf-icon-ion-icon ion-ios-play \"><\/i>\n        <\/span>\n    <\/a>\t\t<\/div>\n\t<\/div>\n<\/div><\/div>[vc_empty_space height=&#8221;60px&#8221;][\/vc_column][\/vc_row]<\/p>\n","protected":false},"excerpt":{"rendered":"<p>[vc_row row_content_width=&#8221;grid&#8221; disable_background_image=&#8221;&#8221; css=&#8221;.vc_custom_1589851910512{padding-top: 50px !important;padding-bottom: 90px !important;background-position: center !important;background-repeat: no-repeat !important;background-size: cover !important;}&#8221;][vc_column][vc_column_text]Se voc\u00ea \u00e9 apaixonado por carro, gosta de estar por dentro das novidades do mundo automobil\u00edstico e tem afinidade com o mundo dos neg\u00f3cios, a franquia High [&hellip;]<\/p>\n","protected":false},"author":1,"featured_media":0,"parent":0,"menu_order":0,"comment_status":"closed","ping_status":"closed","template":"full-width.php","meta":[],"yoast_head":"<!-- This site is optimized with the Yoast SEO plugin v17.1 - https:\/\/yoast.com\/wordpress\/plugins\/seo\/ -->\n<title>A Franquia - High Torque<\/title>\n<meta name=\"robots\" content=\"index, follow, max-snippet:-1, max-image-preview:large, max-video-preview:-1\" \/>\n<link rel=\"canonical\" href=\"https:\/\/franquiahightorque.com.br\/index.php\/a-franquia\/\" \/>\n<meta property=\"og:locale\" content=\"pt_BR\" \/>\n<meta property=\"og:type\" content=\"article\" \/>\n<meta property=\"og:title\" content=\"A Franquia - High Torque\" \/>\n<meta property=\"og:description\" content=\"[vc_row row_content_width=&#8221;grid&#8221; disable_background_image=&#8221;&#8221; css=&#8221;.vc_custom_1589851910512{padding-top: 50px !important;padding-bottom: 90px !important;background-position: center !important;background-repeat: no-repeat !important;background-size: cover !important;}&#8221;][vc_column][vc_column_text]Se voc\u00ea \u00e9 apaixonado por carro, gosta de estar por dentro das novidades do mundo automobil\u00edstico e tem afinidade com o mundo dos neg\u00f3cios, a franquia High [&hellip;]\" \/>\n<meta property=\"og:url\" content=\"https:\/\/franquiahightorque.com.br\/index.php\/a-franquia\/\" \/>\n<meta property=\"og:site_name\" content=\"High Torque\" \/>\n<meta property=\"article:modified_time\" content=\"2020-07-01T02:19:10+00:00\" \/>\n<meta name=\"twitter:card\" content=\"summary_large_image\" \/>\n<meta name=\"twitter:label1\" content=\"Est. tempo de leitura\" \/>\n\t<meta name=\"twitter:data1\" content=\"5 minutos\" \/>\n<script type=\"application\/ld+json\" class=\"yoast-schema-graph\">{\"@context\":\"https:\/\/schema.org\",\"@graph\":[{\"@type\":\"WebSite\",\"@id\":\"http:\/\/franquiahightorque.com.br\/#website\",\"url\":\"http:\/\/franquiahightorque.com.br\/\",\"name\":\"Franquia High Torque\",\"description\":\"Franquia de Oficinas High Torque\",\"potentialAction\":[{\"@type\":\"SearchAction\",\"target\":{\"@type\":\"EntryPoint\",\"urlTemplate\":\"http:\/\/franquiahightorque.com.br\/?s={search_term_string}\"},\"query-input\":\"required name=search_term_string\"}],\"inLanguage\":\"pt-BR\"},{\"@type\":\"WebPage\",\"@id\":\"https:\/\/franquiahightorque.com.br\/index.php\/a-franquia\/#webpage\",\"url\":\"https:\/\/franquiahightorque.com.br\/index.php\/a-franquia\/\",\"name\":\"A Franquia - High Torque\",\"isPartOf\":{\"@id\":\"http:\/\/franquiahightorque.com.br\/#website\"},\"datePublished\":\"2020-04-16T16:05:54+00:00\",\"dateModified\":\"2020-07-01T02:19:10+00:00\",\"breadcrumb\":{\"@id\":\"https:\/\/franquiahightorque.com.br\/index.php\/a-franquia\/#breadcrumb\"},\"inLanguage\":\"pt-BR\",\"potentialAction\":[{\"@type\":\"ReadAction\",\"target\":[\"https:\/\/franquiahightorque.com.br\/index.php\/a-franquia\/\"]}]},{\"@type\":\"BreadcrumbList\",\"@id\":\"https:\/\/franquiahightorque.com.br\/index.php\/a-franquia\/#breadcrumb\",\"itemListElement\":[{\"@type\":\"ListItem\",\"position\":1,\"name\":\"In\\u00edcio\",\"item\":\"http:\/\/franquiahightorque.com.br\/\"},{\"@type\":\"ListItem\",\"position\":2,\"name\":\"A Franquia\"}]}]}<\/script>\n<!-- \/ Yoast SEO plugin. -->","yoast_head_json":{"title":"A Franquia - High Torque","robots":{"index":"index","follow":"follow","max-snippet":"max-snippet:-1","max-image-preview":"max-image-preview:large","max-video-preview":"max-video-preview:-1"},"canonical":"https:\/\/franquiahightorque.com.br\/index.php\/a-franquia\/","og_locale":"pt_BR","og_type":"article","og_title":"A Franquia - High Torque","og_description":"[vc_row row_content_width=&#8221;grid&#8221; disable_background_image=&#8221;&#8221; css=&#8221;.vc_custom_1589851910512{padding-top: 50px !important;padding-bottom: 90px !important;background-position: center !important;background-repeat: no-repeat !important;background-size: cover !important;}&#8221;][vc_column][vc_column_text]Se voc\u00ea \u00e9 apaixonado por carro, gosta de estar por dentro das novidades do mundo automobil\u00edstico e tem afinidade com o mundo dos neg\u00f3cios, a franquia High [&hellip;]","og_url":"https:\/\/franquiahightorque.com.br\/index.php\/a-franquia\/","og_site_name":"High Torque","article_modified_time":"2020-07-01T02:19:10+00:00","twitter_card":"summary_large_image","twitter_misc":{"Est. tempo de leitura":"5 minutos"},"schema":{"@context":"https:\/\/schema.org","@graph":[{"@type":"WebSite","@id":"http:\/\/franquiahightorque.com.br\/#website","url":"http:\/\/franquiahightorque.com.br\/","name":"Franquia High Torque","description":"Franquia de Oficinas High Torque","potentialAction":[{"@type":"SearchAction","target":{"@type":"EntryPoint","urlTemplate":"http:\/\/franquiahightorque.com.br\/?s={search_term_string}"},"query-input":"required name=search_term_string"}],"inLanguage":"pt-BR"},{"@type":"WebPage","@id":"https:\/\/franquiahightorque.com.br\/index.php\/a-franquia\/#webpage","url":"https:\/\/franquiahightorque.com.br\/index.php\/a-franquia\/","name":"A Franquia - High Torque","isPartOf":{"@id":"http:\/\/franquiahightorque.com.br\/#website"},"datePublished":"2020-04-16T16:05:54+00:00","dateModified":"2020-07-01T02:19:10+00:00","breadcrumb":{"@id":"https:\/\/franquiahightorque.com.br\/index.php\/a-franquia\/#breadcrumb"},"inLanguage":"pt-BR","potentialAction":[{"@type":"ReadAction","target":["https:\/\/franquiahightorque.com.br\/index.php\/a-franquia\/"]}]},{"@type":"BreadcrumbList","@id":"https:\/\/franquiahightorque.com.br\/index.php\/a-franquia\/#breadcrumb","itemListElement":[{"@type":"ListItem","position":1,"name":"In\u00edcio","item":"http:\/\/franquiahightorque.com.br\/"},{"@type":"ListItem","position":2,"name":"A Franquia"}]}]}},"_links":{"self":[{"href":"http:\/\/franquiahightorque.com.br\/index.php\/wp-json\/wp\/v2\/pages\/2956"}],"collection":[{"href":"http:\/\/franquiahightorque.com.br\/index.php\/wp-json\/wp\/v2\/pages"}],"about":[{"href":"http:\/\/franquiahightorque.com.br\/index.php\/wp-json\/wp\/v2\/types\/page"}],"author":[{"embeddable":true,"href":"http:\/\/franquiahightorque.com.br\/index.php\/wp-json\/wp\/v2\/users\/1"}],"replies":[{"embeddable":true,"href":"http:\/\/franquiahightorque.com.br\/index.php\/wp-json\/wp\/v2\/comments?post=2956"}],"version-history":[{"count":21,"href":"http:\/\/franquiahightorque.com.br\/index.php\/wp-json\/wp\/v2\/pages\/2956\/revisions"}],"predecessor-version":[{"id":3218,"href":"http:\/\/franquiahightorque.com.br\/index.php\/wp-json\/wp\/v2\/pages\/2956\/revisions\/3218"}],"wp:attachment":[{"href":"http:\/\/franquiahightorque.com.br\/index.php\/wp-json\/wp\/v2\/media?parent=2956"}],"curies":[{"name":"wp","href":"https:\/\/api.w.org\/{rel}","templated":true}]}}